{"id":48,"date":"2013-01-14T16:49:48","date_gmt":"2013-01-14T15:49:48","guid":{"rendered":"http:\/\/www.villalenti.cz\/?page_id=48"},"modified":"2023-04-11T21:10:22","modified_gmt":"2023-04-11T20:10:22","slug":"kontakt","status":"publish","type":"page","link":"http:\/\/www.villalenti.cz\/?page_id=48","title":{"rendered":"Kontakty"},"content":{"rendered":"<p><iframe loading=\"lazy\" src=\"https:\/\/maps.google.cz\/maps?f=q&amp;source=s_q&amp;hl=cs&amp;geocode=&amp;q=50.421977,+14.910081&amp;aq=&amp;sll=50.422022,14.910014&amp;sspn=0.001429,0.004128&amp;brcurrent=5,0,0&amp;ie=UTF8&amp;t=m&amp;ll=50.421972,14.910164&amp;spn=0.002051,0.003219&amp;z=17&amp;output=embed\" width=\"300\" height=\"300\" frameborder=\"0\" marginwidth=\"0\" marginheight=\"0\" scrolling=\"no\" align=\"right\"><\/iframe><\/p>\n<h1><strong>Villa Lenti<\/strong><\/h1>\n<p>\u010cechova 655\/7<br \/>\n293&nbsp;01 Mlad\u00e1 Boleslav<\/p>\n<p><img decoding=\"async\" loading=\"lazy\" class=\"alignleft size-full wp-image-256\" src=\"http:\/\/www.villalenti.cz\/wp-content\/uploads\/telef.png\" alt=\"telef\" width=\"20\" height=\"20\" \/>\u00a0<strong>+420&nbsp;602&nbsp;184&nbsp;881<\/strong><\/p>\n<p><strong style=\"color: #ff6600; font-size: 1.5em;\">Otev\u00edrac\u00ed doba:<\/strong><\/p>\n<p><strong>Po &#8211; P\u00e1<\/strong><\/p>\n<p>10:00 &#8211; 18:00<\/p>\n<p><strong>So &#8211; Ne<\/strong><\/p>\n<p>dle p\u0159edchoz\u00edch objedn\u00e1vek<\/p>\n<p style=\"text-align: right;\"><a style=\"color: #0000ff; text-align: left;\" href=\"https:\/\/maps.google.cz\/maps?f=q&amp;source=embed&amp;hl=cs&amp;geocode=&amp;q=50.421977,+14.910081&amp;aq=&amp;sll=50.422022,14.910014&amp;sspn=0.001429,0.004128&amp;brcurrent=5,0,0&amp;ie=UTF8&amp;t=m&amp;ll=50.421972,14.910164&amp;spn=0.002051,0.003219&amp;z=17\" target=\"_blank\" rel=\"noopener\">Zv\u011bt\u0161it mapu<\/a><\/p>\n<p><strong style=\"color: #ff6600; font-size: 1.5em;\">Kade\u0159nictv\u00ed:<\/strong><\/p>\n<ul>\n<li>Veronika Miksov\u00e1, tel. \u010d\u00edslo +420\u00a0728\u00a0460\u00a0172<\/li>\n<li>Lucie Koberov\u00e1, tel. \u010d\u00edslo +420\u00a0731\u00a0482\u00a0996<\/li>\n<\/ul>\n<p><strong style=\"color: #ff6600; font-size: 1.5em;\">Kosmetika, Exilis:<\/strong><\/p>\n<ul>\n<li>Drahom\u00edra Vondr\u00e1\u010dkov\u00e1, tel. \u010d\u00edslo +420\u00a0602\u00a0184\u00a0881<\/li>\n<\/ul>\n<p><span style=\"color: #ff6600;\"><strong><strong style=\"color: #ff6600; font-size: 1.5em;\">Mas\u00e1\u017ee:\u00a0<\/strong><\/strong><\/span><\/p>\n<ul>\n<li>Dagmar Kudrnov\u00e1, tel. \u010d\u00edslo +420\u00a0737\u00a0784\u00a0498<\/li>\n<\/ul>\n<p><span style=\"color: #ff6600;\"><strong><strong style=\"color: #ff6600; font-size: 1.5em;\">Pedik\u00fara:\u00a0<\/strong><\/strong><\/span><\/p>\n<ul>\n<li>Dana K\u0159apkov\u00e1, tel. \u010d\u00edslo +420\u00a0724\u00a0708\u00a0207<\/li>\n<\/ul>\n<p style=\"text-align: right;\"><i><a href=\"http:\/\/www.villalenti.cz\/?page_id=48\">nahoru<\/a><\/i><\/p>\n","protected":false},"excerpt":{"rendered":"<p>Villa Lenti \u010cechova 655\/7&nbsp;293&nbsp;01 Mlad\u00e1 Boleslav \u00a0+420&nbsp;602&nbsp;184&nbsp;881 Otev\u00edrac\u00ed doba: Po &#8211; P\u00e1 10:00 &#8211; 18:00 So &#8211; Ne dle p\u0159edchoz\u00edch objedn\u00e1vek Zv\u011bt\u0161it mapu Kade\u0159nictv\u00ed: Veronika Miksov\u00e1, tel. \u010d\u00edslo +420\u00a0728\u00a0460\u00a0172 Lucie Koberov\u00e1, tel. \u010d\u00edslo +420\u00a0731\u00a0482\u00a0996 Kosmetika, Exilis: Drahom\u00edra Vondr\u00e1\u010dkov\u00e1, tel. \u010d\u00edslo +420\u00a0602\u00a0184\u00a0881 Mas\u00e1\u017ee:\u00a0 Dagmar Kudrnov\u00e1, tel. \u010d\u00edslo +420\u00a0737\u00a0784\u00a0498 Pedik\u00fara:\u00a0 Dana K\u0159apkov\u00e1, tel. \u010d\u00edslo +420\u00a0724\u00a0708\u00a0207 nahoru<\/p>\n","protected":false},"author":3,"featured_media":0,"parent":0,"menu_order":0,"comment_status":"closed","ping_status":"closed","template":"","meta":{"_mi_skip_tracking":false},"_links":{"self":[{"href":"http:\/\/www.villalenti.cz\/index.php?rest_route=\/wp\/v2\/pages\/48"}],"collection":[{"href":"http:\/\/www.villalenti.cz\/index.php?rest_route=\/wp\/v2\/pages"}],"about":[{"href":"http:\/\/www.villalenti.cz\/index.php?rest_route=\/wp\/v2\/types\/page"}],"author":[{"embeddable":true,"href":"http:\/\/www.villalenti.cz\/index.php?rest_route=\/wp\/v2\/users\/3"}],"replies":[{"embeddable":true,"href":"http:\/\/www.villalenti.cz\/index.php?rest_route=%2Fwp%2Fv2%2Fcomments&post=48"}],"version-history":[{"count":110,"href":"http:\/\/www.villalenti.cz\/index.php?rest_route=\/wp\/v2\/pages\/48\/revisions"}],"predecessor-version":[{"id":1038,"href":"http:\/\/www.villalenti.cz\/index.php?rest_route=\/wp\/v2\/pages\/48\/revisions\/1038"}],"wp:attachment":[{"href":"http:\/\/www.villalenti.cz\/index.php?rest_route=%2Fwp%2Fv2%2Fmedia&parent=48"}],"curies":[{"name":"wp","href":"https:\/\/api.w.org\/{rel}","templated":true}]}}